{"id":13820,"date":"2026-02-26T12:57:31","date_gmt":"2026-02-26T12:57:31","guid":{"rendered":"https:\/\/uniplast.mg\/?page_id=13820"},"modified":"2026-02-28T07:18:27","modified_gmt":"2026-02-28T07:18:27","slug":"uniplast-engage-pour-excellence-et-la-qualite","status":"publish","type":"page","link":"https:\/\/uniplast.mg\/index.php\/uniplast-engage-pour-excellence-et-la-qualite\/","title":{"rendered":"UNIPLAST &#8211; Engag\u00e9 pour l\u2019excellence et la qualit\u00e9"},"content":{"rendered":"\t\t<div data-elementor-type=\"wp-page\" data-elementor-id=\"13820\" class=\"elementor elementor-13820\" data-elementor-post-type=\"page\">\n\t\t\t\t<div class=\"has_eae_slider elementor-element elementor-element-d91faa1 e-con-full e-flex e-con e-parent\" data-id=\"d91faa1\" data-element_type=\"container\" data-settings=\"{&quot;background_background&quot;:&quot;classic&quot;}\">\n\t\t\t\t<\/div>\n\t\t<div class=\"has_eae_slider elementor-element elementor-element-bfe47dd e-con-full e-flex e-con e-parent\" data-id=\"bfe47dd\" data-element_type=\"container\" data-settings=\"{&quot;background_background&quot;:&quot;classic&quot;}\">\n\t\t\t\t<div class=\"elementor-element elementor-element-16a34e5 elementor-widget elementor-widget-heading\" data-id=\"16a34e5\" data-element_type=\"widget\" data-widget_type=\"heading.default\">\n\t\t\t\t<div class=\"elementor-widget-container\">\n\t\t\t<h1 class=\"elementor-heading-title elementor-size-default\">UNIPLAST - Engag\u00e9 pour l\u2019excellence et la qualit\u00e9<\/h1>\t\t<\/div>\n\t\t\t\t<\/div>\n\t\t<div class=\"has_eae_slider elementor-element elementor-element-9349da7 e-flex e-con-boxed e-con e-child\" data-id=\"9349da7\" data-element_type=\"container\">\n\t\t\t\t\t<div class=\"e-con-inner\">\n\t\t\t\t<div class=\"elementor-element elementor-element-0968731 elementor-widget elementor-widget-text-editor\" data-id=\"0968731\" data-element_type=\"widget\" data-widget_type=\"text-editor.default\">\n\t\t\t\t<div class=\"elementor-widget-container\">\n\t\t\t\t\t\t\t<p style=\"text-align: justify;\">Avec plus de 10 ans d\u2019exp\u00e9rience, UNIPLAST continue de consolider sa position comme acteur majeur de l\u2019industrie des emballages plastiques \u00e0 Madagascar. Nous sommes fiers d\u2019annoncer que notre syst\u00e8me de management a \u00e9t\u00e9 certifi\u00e9 ISO 9001:2015, attestant de notre conformit\u00e9 aux standards internationaux de qualit\u00e9 pour la production de sachets en poly\u00e9thyl\u00e8ne, sacs en polypropyl\u00e8ne et articles thermoform\u00e9s.<\/p><p style=\"text-align: justify;\">Cette certification, d\u00e9livr\u00e9e par SOCOTEC Certification France, refl\u00e8te notre engagement permanent \u00e0 allier innovation, durabilit\u00e9 et excellence op\u00e9rationnelle, tout en r\u00e9pondant aux besoins vari\u00e9s des industries locales et en contribuant au d\u00e9veloppement \u00e9conomique, notamment dans les secteurs ruraux et agricoles.<\/p><p style=\"text-align: justify;\">Ensemble, nous fa\u00e7onnons un avenir plus fiable, performant et prosp\u00e8re pour Madagascar !<\/p>\t\t\t\t\t\t<\/div>\n\t\t\t\t<\/div>\n\t\t\t\t\t<\/div>\n\t\t\t\t<\/div>\n\t\t\t\t<\/div>\n\t\t\t\t<\/div>\n\t\t","protected":false},"excerpt":{"rendered":"<p>UNIPLAST &#8211; Engag\u00e9 pour l\u2019excellence et la qualit\u00e9 Avec plus de 10 ans d\u2019exp\u00e9rience, UNIPLAST continue de consolider sa position comme acteur majeur de l\u2019industrie des emballages plastiques \u00e0 Madagascar. Nous sommes fiers d\u2019annoncer que notre syst\u00e8me de management a \u00e9t\u00e9 certifi\u00e9 ISO 9001:2015, attestant de notre conformit\u00e9 aux standards internationaux de qualit\u00e9 pour la&#8230;<\/p>\n","protected":false},"author":1,"featured_media":0,"parent":0,"menu_order":0,"comment_status":"closed","ping_status":"closed","template":"","meta":{"_acf_changed":false,"ngg_post_thumbnail":0,"_kad_post_transparent":"","_kad_post_title":"hide","_kad_post_layout":"fullwidth","_kad_post_sidebar_id":"","_kad_post_content_style":"unboxed","_kad_post_vertical_padding":"hide","_kad_post_feature":"hide","_kad_post_feature_position":"","_kad_post_header":false,"_kad_post_footer":false,"footnotes":""},"acf":[],"yoast_head":"<!-- This site is optimized with the Yoast SEO plugin v24.0 - https:\/\/yoast.com\/wordpress\/plugins\/seo\/ -->\n<title>UNIPLAST - Engag\u00e9 pour l\u2019excellence et la qualit\u00e9 - Uniplast<\/title>\n<meta name=\"robots\" content=\"index, follow, max-snippet:-1, max-image-preview:large, max-video-preview:-1\" \/>\n<link rel=\"canonical\" href=\"https:\/\/uniplast.mg\/index.php\/uniplast-engage-pour-excellence-et-la-qualite\/\" \/>\n<meta property=\"og:locale\" content=\"fr_FR\" \/>\n<meta property=\"og:type\" content=\"article\" \/>\n<meta property=\"og:title\" content=\"UNIPLAST - Engag\u00e9 pour l\u2019excellence et la qualit\u00e9 - Uniplast\" \/>\n<meta property=\"og:description\" content=\"UNIPLAST &#8211; Engag\u00e9 pour l\u2019excellence et la qualit\u00e9 Avec plus de 10 ans d\u2019exp\u00e9rience, UNIPLAST continue de consolider sa position comme acteur majeur de l\u2019industrie des emballages plastiques \u00e0 Madagascar. Nous sommes fiers d\u2019annoncer que notre syst\u00e8me de management a \u00e9t\u00e9 certifi\u00e9 ISO 9001:2015, attestant de notre conformit\u00e9 aux standards internationaux de qualit\u00e9 pour la...\" \/>\n<meta property=\"og:url\" content=\"https:\/\/uniplast.mg\/index.php\/uniplast-engage-pour-excellence-et-la-qualite\/\" \/>\n<meta property=\"og:site_name\" content=\"Uniplast\" \/>\n<meta property=\"article:modified_time\" content=\"2026-02-28T07:18:27+00:00\" \/>\n<meta name=\"twitter:card\" content=\"summary_large_image\" \/>\n<meta name=\"twitter:label1\" content=\"Dur\u00e9e de lecture estim\u00e9e\" \/>\n\t<meta name=\"twitter:data1\" content=\"1 minute\" \/>\n<script type=\"application\/ld+json\" class=\"yoast-schema-graph\">{\"@context\":\"https:\/\/schema.org\",\"@graph\":[{\"@type\":\"WebPage\",\"@id\":\"https:\/\/uniplast.mg\/index.php\/uniplast-engage-pour-excellence-et-la-qualite\/\",\"url\":\"https:\/\/uniplast.mg\/index.php\/uniplast-engage-pour-excellence-et-la-qualite\/\",\"name\":\"UNIPLAST - Engag\u00e9 pour l\u2019excellence et la qualit\u00e9 - Uniplast\",\"isPartOf\":{\"@id\":\"https:\/\/uniplast.mg\/#website\"},\"datePublished\":\"2026-02-26T12:57:31+00:00\",\"dateModified\":\"2026-02-28T07:18:27+00:00\",\"breadcrumb\":{\"@id\":\"https:\/\/uniplast.mg\/index.php\/uniplast-engage-pour-excellence-et-la-qualite\/#breadcrumb\"},\"inLanguage\":\"fr-FR\",\"potentialAction\":[{\"@type\":\"ReadAction\",\"target\":[\"https:\/\/uniplast.mg\/index.php\/uniplast-engage-pour-excellence-et-la-qualite\/\"]}]},{\"@type\":\"BreadcrumbList\",\"@id\":\"https:\/\/uniplast.mg\/index.php\/uniplast-engage-pour-excellence-et-la-qualite\/#breadcrumb\",\"itemListElement\":[{\"@type\":\"ListItem\",\"position\":1,\"name\":\"A propos de nous\",\"item\":\"https:\/\/uniplast.mg\/\"},{\"@type\":\"ListItem\",\"position\":2,\"name\":\"UNIPLAST &#8211; Engag\u00e9 pour l\u2019excellence et la qualit\u00e9\"}]},{\"@type\":\"WebSite\",\"@id\":\"https:\/\/uniplast.mg\/#website\",\"url\":\"https:\/\/uniplast.mg\/\",\"name\":\"Uniplast\",\"description\":\"La r\u00e9f\u00e9rence incontest\u00e9e des sacs et emballages en plastique !\",\"publisher\":{\"@id\":\"https:\/\/uniplast.mg\/#organization\"},\"potentialAction\":[{\"@type\":\"SearchAction\",\"target\":{\"@type\":\"EntryPoint\",\"urlTemplate\":\"https:\/\/uniplast.mg\/?s={search_term_string}\"},\"query-input\":{\"@type\":\"PropertyValueSpecification\",\"valueRequired\":true,\"valueName\":\"search_term_string\"}}],\"inLanguage\":\"fr-FR\"},{\"@type\":\"Organization\",\"@id\":\"https:\/\/uniplast.mg\/#organization\",\"name\":\"Uniplast\",\"url\":\"https:\/\/uniplast.mg\/\",\"logo\":{\"@type\":\"ImageObject\",\"inLanguage\":\"fr-FR\",\"@id\":\"https:\/\/uniplast.mg\/#\/schema\/logo\/image\/\",\"url\":\"https:\/\/uniplast.mg\/wp-content\/uploads\/2024\/02\/cropped-uniplast-logo-01-1.png\",\"contentUrl\":\"https:\/\/uniplast.mg\/wp-content\/uploads\/2024\/02\/cropped-uniplast-logo-01-1.png\",\"width\":3172,\"height\":701,\"caption\":\"Uniplast\"},\"image\":{\"@id\":\"https:\/\/uniplast.mg\/#\/schema\/logo\/image\/\"}}]}<\/script>\n<!-- \/ Yoast SEO plugin. -->","yoast_head_json":{"title":"UNIPLAST - Engag\u00e9 pour l\u2019excellence et la qualit\u00e9 - Uniplast","robots":{"index":"index","follow":"follow","max-snippet":"max-snippet:-1","max-image-preview":"max-image-preview:large","max-video-preview":"max-video-preview:-1"},"canonical":"https:\/\/uniplast.mg\/index.php\/uniplast-engage-pour-excellence-et-la-qualite\/","og_locale":"fr_FR","og_type":"article","og_title":"UNIPLAST - Engag\u00e9 pour l\u2019excellence et la qualit\u00e9 - Uniplast","og_description":"UNIPLAST &#8211; Engag\u00e9 pour l\u2019excellence et la qualit\u00e9 Avec plus de 10 ans d\u2019exp\u00e9rience, UNIPLAST continue de consolider sa position comme acteur majeur de l\u2019industrie des emballages plastiques \u00e0 Madagascar. Nous sommes fiers d\u2019annoncer que notre syst\u00e8me de management a \u00e9t\u00e9 certifi\u00e9 ISO 9001:2015, attestant de notre conformit\u00e9 aux standards internationaux de qualit\u00e9 pour la...","og_url":"https:\/\/uniplast.mg\/index.php\/uniplast-engage-pour-excellence-et-la-qualite\/","og_site_name":"Uniplast","article_modified_time":"2026-02-28T07:18:27+00:00","twitter_card":"summary_large_image","twitter_misc":{"Dur\u00e9e de lecture estim\u00e9e":"1 minute"},"schema":{"@context":"https:\/\/schema.org","@graph":[{"@type":"WebPage","@id":"https:\/\/uniplast.mg\/index.php\/uniplast-engage-pour-excellence-et-la-qualite\/","url":"https:\/\/uniplast.mg\/index.php\/uniplast-engage-pour-excellence-et-la-qualite\/","name":"UNIPLAST - Engag\u00e9 pour l\u2019excellence et la qualit\u00e9 - Uniplast","isPartOf":{"@id":"https:\/\/uniplast.mg\/#website"},"datePublished":"2026-02-26T12:57:31+00:00","dateModified":"2026-02-28T07:18:27+00:00","breadcrumb":{"@id":"https:\/\/uniplast.mg\/index.php\/uniplast-engage-pour-excellence-et-la-qualite\/#breadcrumb"},"inLanguage":"fr-FR","potentialAction":[{"@type":"ReadAction","target":["https:\/\/uniplast.mg\/index.php\/uniplast-engage-pour-excellence-et-la-qualite\/"]}]},{"@type":"BreadcrumbList","@id":"https:\/\/uniplast.mg\/index.php\/uniplast-engage-pour-excellence-et-la-qualite\/#breadcrumb","itemListElement":[{"@type":"ListItem","position":1,"name":"A propos de nous","item":"https:\/\/uniplast.mg\/"},{"@type":"ListItem","position":2,"name":"UNIPLAST &#8211; Engag\u00e9 pour l\u2019excellence et la qualit\u00e9"}]},{"@type":"WebSite","@id":"https:\/\/uniplast.mg\/#website","url":"https:\/\/uniplast.mg\/","name":"Uniplast","description":"La r\u00e9f\u00e9rence incontest\u00e9e des sacs et emballages en plastique !","publisher":{"@id":"https:\/\/uniplast.mg\/#organization"},"potentialAction":[{"@type":"SearchAction","target":{"@type":"EntryPoint","urlTemplate":"https:\/\/uniplast.mg\/?s={search_term_string}"},"query-input":{"@type":"PropertyValueSpecification","valueRequired":true,"valueName":"search_term_string"}}],"inLanguage":"fr-FR"},{"@type":"Organization","@id":"https:\/\/uniplast.mg\/#organization","name":"Uniplast","url":"https:\/\/uniplast.mg\/","logo":{"@type":"ImageObject","inLanguage":"fr-FR","@id":"https:\/\/uniplast.mg\/#\/schema\/logo\/image\/","url":"https:\/\/uniplast.mg\/wp-content\/uploads\/2024\/02\/cropped-uniplast-logo-01-1.png","contentUrl":"https:\/\/uniplast.mg\/wp-content\/uploads\/2024\/02\/cropped-uniplast-logo-01-1.png","width":3172,"height":701,"caption":"Uniplast"},"image":{"@id":"https:\/\/uniplast.mg\/#\/schema\/logo\/image\/"}}]}},"_links":{"self":[{"href":"https:\/\/uniplast.mg\/index.php\/wp-json\/wp\/v2\/pages\/13820"}],"collection":[{"href":"https:\/\/uniplast.mg\/index.php\/wp-json\/wp\/v2\/pages"}],"about":[{"href":"https:\/\/uniplast.mg\/index.php\/wp-json\/wp\/v2\/types\/page"}],"author":[{"embeddable":true,"href":"https:\/\/uniplast.mg\/index.php\/wp-json\/wp\/v2\/users\/1"}],"replies":[{"embeddable":true,"href":"https:\/\/uniplast.mg\/index.php\/wp-json\/wp\/v2\/comments?post=13820"}],"version-history":[{"count":10,"href":"https:\/\/uniplast.mg\/index.php\/wp-json\/wp\/v2\/pages\/13820\/revisions"}],"predecessor-version":[{"id":13852,"href":"https:\/\/uniplast.mg\/index.php\/wp-json\/wp\/v2\/pages\/13820\/revisions\/13852"}],"wp:attachment":[{"href":"https:\/\/uniplast.mg\/index.php\/wp-json\/wp\/v2\/media?parent=13820"}],"curies":[{"name":"wp","href":"https:\/\/api.w.org\/{rel}","templated":true}]}}