{"id":13832,"date":"2026-02-28T06:33:23","date_gmt":"2026-02-28T06:33:23","guid":{"rendered":"https:\/\/uniplast.mg\/?page_id=13832"},"modified":"2026-02-28T06:46:04","modified_gmt":"2026-02-28T06:46:04","slug":"uniplast-semer-pour-un-avenir-durable","status":"publish","type":"page","link":"https:\/\/uniplast.mg\/index.php\/uniplast-semer-pour-un-avenir-durable\/","title":{"rendered":"UNIPLAST &#8211; Semer aujourd\u2019hui pour un avenir durable"},"content":{"rendered":"\t\t<div data-elementor-type=\"wp-page\" data-elementor-id=\"13832\" class=\"elementor elementor-13832\" data-elementor-post-type=\"page\">\n\t\t\t\t<div class=\"has_eae_slider elementor-element elementor-element-d91faa1 e-flex e-con-boxed e-con e-parent\" data-id=\"d91faa1\" data-element_type=\"container\" data-settings=\"{&quot;background_background&quot;:&quot;classic&quot;}\">\n\t\t\t\t\t<div class=\"e-con-inner\">\n\t\t\t\t\t<\/div>\n\t\t\t\t<\/div>\n\t\t<div class=\"has_eae_slider elementor-element elementor-element-bfe47dd e-con-full e-flex e-con e-parent\" data-id=\"bfe47dd\" data-element_type=\"container\" data-settings=\"{&quot;background_background&quot;:&quot;classic&quot;}\">\n\t\t\t\t<div class=\"elementor-element elementor-element-16a34e5 elementor-widget elementor-widget-heading\" data-id=\"16a34e5\" data-element_type=\"widget\" data-widget_type=\"heading.default\">\n\t\t\t\t<div class=\"elementor-widget-container\">\n\t\t\t<h1 class=\"elementor-heading-title elementor-size-default\">UNIPLAST - Semer aujourd\u2019hui pour un avenir durable<\/h1>\t\t<\/div>\n\t\t\t\t<\/div>\n\t\t<div class=\"has_eae_slider elementor-element elementor-element-9349da7 e-flex e-con-boxed e-con e-child\" data-id=\"9349da7\" data-element_type=\"container\">\n\t\t\t\t\t<div class=\"e-con-inner\">\n\t\t\t\t<div class=\"elementor-element elementor-element-0968731 elementor-widget elementor-widget-text-editor\" data-id=\"0968731\" data-element_type=\"widget\" data-widget_type=\"text-editor.default\">\n\t\t\t\t<div class=\"elementor-widget-container\">\n\t\t\t\t\t\t\t<p style=\"text-align: justify;\">Dans le cadre de sa responsabilit\u00e9 sociale et environnementale, UNIPLAST a r\u00e9cemment particip\u00e9 \u00e0 une op\u00e9ration de reboisement dans plusieurs zones rurales de Madagascar. Plus qu\u2019une initiative \u00e9cologique, ce projet vise \u00e0 <strong>impliquer les communaut\u00e9s locales<\/strong>, sensibiliser \u00e0 la protection de l\u2019environnement et cr\u00e9er des espaces verts b\u00e9n\u00e9fiques pour les g\u00e9n\u00e9rations futures.<\/p><p style=\"text-align: justify;\">En plantant des essences locales adapt\u00e9es au climat et \u00e0 l\u2019\u00e9cosyst\u00e8me, UNIPLAST contribue \u00e0 la <strong>lutte contre l\u2019\u00e9rosion et la d\u00e9forestation<\/strong>, tout en renfor\u00e7ant le lien entre d\u00e9veloppement industriel et pr\u00e9servation de la nature.<\/p><p style=\"text-align: justify;\">Nous croyons que chaque arbre plant\u00e9 est un pas vers un Madagascar plus vert, plus sain et plus prosp\u00e8re.<\/p><p style=\"text-align: justify;\">Ensemble, cultivons des solutions durables pour nos territoires et nos communaut\u00e9s.<\/p>\t\t\t\t\t\t<\/div>\n\t\t\t\t<\/div>\n\t\t\t\t\t<\/div>\n\t\t\t\t<\/div>\n\t\t\t\t<\/div>\n\t\t\t\t<\/div>\n\t\t","protected":false},"excerpt":{"rendered":"<p>UNIPLAST &#8211; Semer aujourd\u2019hui pour un avenir durable Dans le cadre de sa responsabilit\u00e9 sociale et environnementale, UNIPLAST a r\u00e9cemment particip\u00e9 \u00e0 une op\u00e9ration de reboisement dans plusieurs zones rurales de Madagascar. Plus qu\u2019une initiative \u00e9cologique, ce projet vise \u00e0 impliquer les communaut\u00e9s locales, sensibiliser \u00e0 la protection de l\u2019environnement et cr\u00e9er des espaces verts&#8230;<\/p>\n","protected":false},"author":1,"featured_media":0,"parent":0,"menu_order":0,"comment_status":"closed","ping_status":"closed","template":"","meta":{"_acf_changed":false,"ngg_post_thumbnail":0,"_kad_post_transparent":"","_kad_post_title":"hide","_kad_post_layout":"fullwidth","_kad_post_sidebar_id":"","_kad_post_content_style":"unboxed","_kad_post_vertical_padding":"hide","_kad_post_feature":"hide","_kad_post_feature_position":"","_kad_post_header":false,"_kad_post_footer":false,"footnotes":""},"acf":[],"yoast_head":"<!-- This site is optimized with the Yoast SEO plugin v24.0 - https:\/\/yoast.com\/wordpress\/plugins\/seo\/ -->\n<title>UNIPLAST - Semer aujourd\u2019hui pour un avenir durable - Uniplast<\/title>\n<meta name=\"robots\" content=\"index, follow, max-snippet:-1, max-image-preview:large, max-video-preview:-1\" \/>\n<link rel=\"canonical\" href=\"https:\/\/uniplast.mg\/index.php\/uniplast-semer-pour-un-avenir-durable\/\" \/>\n<meta property=\"og:locale\" content=\"fr_FR\" \/>\n<meta property=\"og:type\" content=\"article\" \/>\n<meta property=\"og:title\" content=\"UNIPLAST - Semer aujourd\u2019hui pour un avenir durable - Uniplast\" \/>\n<meta property=\"og:description\" content=\"UNIPLAST &#8211; Semer aujourd\u2019hui pour un avenir durable Dans le cadre de sa responsabilit\u00e9 sociale et environnementale, UNIPLAST a r\u00e9cemment particip\u00e9 \u00e0 une op\u00e9ration de reboisement dans plusieurs zones rurales de Madagascar. Plus qu\u2019une initiative \u00e9cologique, ce projet vise \u00e0 impliquer les communaut\u00e9s locales, sensibiliser \u00e0 la protection de l\u2019environnement et cr\u00e9er des espaces verts...\" \/>\n<meta property=\"og:url\" content=\"https:\/\/uniplast.mg\/index.php\/uniplast-semer-pour-un-avenir-durable\/\" \/>\n<meta property=\"og:site_name\" content=\"Uniplast\" \/>\n<meta property=\"article:modified_time\" content=\"2026-02-28T06:46:04+00:00\" \/>\n<meta name=\"twitter:card\" content=\"summary_large_image\" \/>\n<meta name=\"twitter:label1\" content=\"Dur\u00e9e de lecture estim\u00e9e\" \/>\n\t<meta name=\"twitter:data1\" content=\"1 minute\" \/>\n<script type=\"application\/ld+json\" class=\"yoast-schema-graph\">{\"@context\":\"https:\/\/schema.org\",\"@graph\":[{\"@type\":\"WebPage\",\"@id\":\"https:\/\/uniplast.mg\/index.php\/uniplast-semer-pour-un-avenir-durable\/\",\"url\":\"https:\/\/uniplast.mg\/index.php\/uniplast-semer-pour-un-avenir-durable\/\",\"name\":\"UNIPLAST - Semer aujourd\u2019hui pour un avenir durable - Uniplast\",\"isPartOf\":{\"@id\":\"https:\/\/uniplast.mg\/#website\"},\"datePublished\":\"2026-02-28T06:33:23+00:00\",\"dateModified\":\"2026-02-28T06:46:04+00:00\",\"breadcrumb\":{\"@id\":\"https:\/\/uniplast.mg\/index.php\/uniplast-semer-pour-un-avenir-durable\/#breadcrumb\"},\"inLanguage\":\"fr-FR\",\"potentialAction\":[{\"@type\":\"ReadAction\",\"target\":[\"https:\/\/uniplast.mg\/index.php\/uniplast-semer-pour-un-avenir-durable\/\"]}]},{\"@type\":\"BreadcrumbList\",\"@id\":\"https:\/\/uniplast.mg\/index.php\/uniplast-semer-pour-un-avenir-durable\/#breadcrumb\",\"itemListElement\":[{\"@type\":\"ListItem\",\"position\":1,\"name\":\"A propos de nous\",\"item\":\"https:\/\/uniplast.mg\/\"},{\"@type\":\"ListItem\",\"position\":2,\"name\":\"UNIPLAST &#8211; Semer aujourd\u2019hui pour un avenir durable\"}]},{\"@type\":\"WebSite\",\"@id\":\"https:\/\/uniplast.mg\/#website\",\"url\":\"https:\/\/uniplast.mg\/\",\"name\":\"Uniplast\",\"description\":\"La r\u00e9f\u00e9rence incontest\u00e9e des sacs et emballages en plastique !\",\"publisher\":{\"@id\":\"https:\/\/uniplast.mg\/#organization\"},\"potentialAction\":[{\"@type\":\"SearchAction\",\"target\":{\"@type\":\"EntryPoint\",\"urlTemplate\":\"https:\/\/uniplast.mg\/?s={search_term_string}\"},\"query-input\":{\"@type\":\"PropertyValueSpecification\",\"valueRequired\":true,\"valueName\":\"search_term_string\"}}],\"inLanguage\":\"fr-FR\"},{\"@type\":\"Organization\",\"@id\":\"https:\/\/uniplast.mg\/#organization\",\"name\":\"Uniplast\",\"url\":\"https:\/\/uniplast.mg\/\",\"logo\":{\"@type\":\"ImageObject\",\"inLanguage\":\"fr-FR\",\"@id\":\"https:\/\/uniplast.mg\/#\/schema\/logo\/image\/\",\"url\":\"https:\/\/uniplast.mg\/wp-content\/uploads\/2024\/02\/cropped-uniplast-logo-01-1.png\",\"contentUrl\":\"https:\/\/uniplast.mg\/wp-content\/uploads\/2024\/02\/cropped-uniplast-logo-01-1.png\",\"width\":3172,\"height\":701,\"caption\":\"Uniplast\"},\"image\":{\"@id\":\"https:\/\/uniplast.mg\/#\/schema\/logo\/image\/\"}}]}<\/script>\n<!-- \/ Yoast SEO plugin. -->","yoast_head_json":{"title":"UNIPLAST - Semer aujourd\u2019hui pour un avenir durable - Uniplast","robots":{"index":"index","follow":"follow","max-snippet":"max-snippet:-1","max-image-preview":"max-image-preview:large","max-video-preview":"max-video-preview:-1"},"canonical":"https:\/\/uniplast.mg\/index.php\/uniplast-semer-pour-un-avenir-durable\/","og_locale":"fr_FR","og_type":"article","og_title":"UNIPLAST - Semer aujourd\u2019hui pour un avenir durable - Uniplast","og_description":"UNIPLAST &#8211; Semer aujourd\u2019hui pour un avenir durable Dans le cadre de sa responsabilit\u00e9 sociale et environnementale, UNIPLAST a r\u00e9cemment particip\u00e9 \u00e0 une op\u00e9ration de reboisement dans plusieurs zones rurales de Madagascar. Plus qu\u2019une initiative \u00e9cologique, ce projet vise \u00e0 impliquer les communaut\u00e9s locales, sensibiliser \u00e0 la protection de l\u2019environnement et cr\u00e9er des espaces verts...","og_url":"https:\/\/uniplast.mg\/index.php\/uniplast-semer-pour-un-avenir-durable\/","og_site_name":"Uniplast","article_modified_time":"2026-02-28T06:46:04+00:00","twitter_card":"summary_large_image","twitter_misc":{"Dur\u00e9e de lecture estim\u00e9e":"1 minute"},"schema":{"@context":"https:\/\/schema.org","@graph":[{"@type":"WebPage","@id":"https:\/\/uniplast.mg\/index.php\/uniplast-semer-pour-un-avenir-durable\/","url":"https:\/\/uniplast.mg\/index.php\/uniplast-semer-pour-un-avenir-durable\/","name":"UNIPLAST - Semer aujourd\u2019hui pour un avenir durable - Uniplast","isPartOf":{"@id":"https:\/\/uniplast.mg\/#website"},"datePublished":"2026-02-28T06:33:23+00:00","dateModified":"2026-02-28T06:46:04+00:00","breadcrumb":{"@id":"https:\/\/uniplast.mg\/index.php\/uniplast-semer-pour-un-avenir-durable\/#breadcrumb"},"inLanguage":"fr-FR","potentialAction":[{"@type":"ReadAction","target":["https:\/\/uniplast.mg\/index.php\/uniplast-semer-pour-un-avenir-durable\/"]}]},{"@type":"BreadcrumbList","@id":"https:\/\/uniplast.mg\/index.php\/uniplast-semer-pour-un-avenir-durable\/#breadcrumb","itemListElement":[{"@type":"ListItem","position":1,"name":"A propos de nous","item":"https:\/\/uniplast.mg\/"},{"@type":"ListItem","position":2,"name":"UNIPLAST &#8211; Semer aujourd\u2019hui pour un avenir durable"}]},{"@type":"WebSite","@id":"https:\/\/uniplast.mg\/#website","url":"https:\/\/uniplast.mg\/","name":"Uniplast","description":"La r\u00e9f\u00e9rence incontest\u00e9e des sacs et emballages en plastique !","publisher":{"@id":"https:\/\/uniplast.mg\/#organization"},"potentialAction":[{"@type":"SearchAction","target":{"@type":"EntryPoint","urlTemplate":"https:\/\/uniplast.mg\/?s={search_term_string}"},"query-input":{"@type":"PropertyValueSpecification","valueRequired":true,"valueName":"search_term_string"}}],"inLanguage":"fr-FR"},{"@type":"Organization","@id":"https:\/\/uniplast.mg\/#organization","name":"Uniplast","url":"https:\/\/uniplast.mg\/","logo":{"@type":"ImageObject","inLanguage":"fr-FR","@id":"https:\/\/uniplast.mg\/#\/schema\/logo\/image\/","url":"https:\/\/uniplast.mg\/wp-content\/uploads\/2024\/02\/cropped-uniplast-logo-01-1.png","contentUrl":"https:\/\/uniplast.mg\/wp-content\/uploads\/2024\/02\/cropped-uniplast-logo-01-1.png","width":3172,"height":701,"caption":"Uniplast"},"image":{"@id":"https:\/\/uniplast.mg\/#\/schema\/logo\/image\/"}}]}},"_links":{"self":[{"href":"https:\/\/uniplast.mg\/index.php\/wp-json\/wp\/v2\/pages\/13832"}],"collection":[{"href":"https:\/\/uniplast.mg\/index.php\/wp-json\/wp\/v2\/pages"}],"about":[{"href":"https:\/\/uniplast.mg\/index.php\/wp-json\/wp\/v2\/types\/page"}],"author":[{"embeddable":true,"href":"https:\/\/uniplast.mg\/index.php\/wp-json\/wp\/v2\/users\/1"}],"replies":[{"embeddable":true,"href":"https:\/\/uniplast.mg\/index.php\/wp-json\/wp\/v2\/comments?post=13832"}],"version-history":[{"count":10,"href":"https:\/\/uniplast.mg\/index.php\/wp-json\/wp\/v2\/pages\/13832\/revisions"}],"predecessor-version":[{"id":13844,"href":"https:\/\/uniplast.mg\/index.php\/wp-json\/wp\/v2\/pages\/13832\/revisions\/13844"}],"wp:attachment":[{"href":"https:\/\/uniplast.mg\/index.php\/wp-json\/wp\/v2\/media?parent=13832"}],"curies":[{"name":"wp","href":"https:\/\/api.w.org\/{rel}","templated":true}]}}