{"id":3787,"date":"2024-03-10T15:44:24","date_gmt":"2024-03-10T15:44:24","guid":{"rendered":"https:\/\/uniplast.mg\/?page_id=3787"},"modified":"2024-03-10T15:47:01","modified_gmt":"2024-03-10T15:47:01","slug":"demande_de_devis_eng","status":"publish","type":"page","link":"https:\/\/uniplast.mg\/index.php\/en\/demande_de_devis_eng\/","title":{"rendered":"Demande_de_devis_eng"},"content":{"rendered":"\t\t<div data-elementor-type=\"wp-page\" data-elementor-id=\"3787\" class=\"elementor elementor-3787\" data-elementor-post-type=\"page\">\n\t\t\t\t<div class=\"has_eae_slider elementor-element elementor-element-e70e8e2 e-flex e-con-boxed e-con e-parent\" data-id=\"e70e8e2\" data-element_type=\"container\">\n\t\t\t\t\t<div class=\"e-con-inner\">\n\t\t\t\t<div class=\"elementor-element elementor-element-2d3372b elementor-widget elementor-widget-heading\" data-id=\"2d3372b\" data-element_type=\"widget\" data-widget_type=\"heading.default\">\n\t\t\t\t<div class=\"elementor-widget-container\">\n\t\t\t<h2 class=\"elementor-heading-title elementor-size-default\">Quote request\u200b<\/h2>\t\t<\/div>\n\t\t\t\t<\/div>\n\t\t\t\t<div class=\"elementor-element elementor-element-db28bf4 elementor-widget elementor-widget-text-editor\" data-id=\"db28bf4\" data-element_type=\"widget\" data-widget_type=\"text-editor.default\">\n\t\t\t\t<div class=\"elementor-widget-container\">\n\t\t\t\t\t\t\t<p><span style=\"color: #333333;\">Lorem ipsum dolor sit amet, consectetur adipiscing elit. Ut elit tellus, luctus nec ullamcorper mattis, pulvinar dapibus leo.<\/span><\/p>\t\t\t\t\t\t<\/div>\n\t\t\t\t<\/div>\n\t\t\t\t\t<\/div>\n\t\t\t\t<\/div>\n\t\t<div class=\"has_eae_slider elementor-element elementor-element-99071b4 e-flex e-con-boxed e-con e-parent\" data-id=\"99071b4\" data-element_type=\"container\">\n\t\t\t\t\t<div class=\"e-con-inner\">\n\t\t\t\t<div class=\"elementor-element elementor-element-5afd2fa elementor-button-align-stretch elementor-widget elementor-widget-form\" data-id=\"5afd2fa\" data-element_type=\"widget\" data-settings=\"{&quot;step_next_label&quot;:&quot;Next&quot;,&quot;step_previous_label&quot;:&quot;Previous&quot;,&quot;button_width&quot;:&quot;100&quot;,&quot;step_type&quot;:&quot;number_text&quot;,&quot;step_icon_shape&quot;:&quot;circle&quot;}\" data-widget_type=\"form.default\">\n\t\t\t\t<div class=\"elementor-widget-container\">\n\t\t\t\t\t<form class=\"elementor-form\" method=\"post\" name=\"New Form\">\n\t\t\t<input type=\"hidden\" name=\"post_id\" value=\"3787\"\/>\n\t\t\t<input type=\"hidden\" name=\"form_id\" value=\"5afd2fa\"\/>\n\t\t\t<input type=\"hidden\" name=\"referer_title\" value=\"Uniplast\" \/>\n\n\t\t\t\n\t\t\t<div class=\"elementor-form-fields-wrapper elementor-labels-above\">\n\t\t\t\t\t\t\t\t<div class=\"elementor-field-type-text elementor-field-group elementor-column elementor-field-group-name elementor-col-50\">\n\t\t\t\t\t\t\t\t\t\t\t\t<label for=\"form-field-name\" class=\"elementor-field-label\">\n\t\t\t\t\t\t\t\tName :\t\t\t\t\t\t\t<\/label>\n\t\t\t\t\t\t\t\t\t\t\t\t\t\t<input size=\"1\" type=\"text\" name=\"form_fields[name]\" id=\"form-field-name\" class=\"elementor-field elementor-size-md  elementor-field-textual\" placeholder=\"Name\">\n\t\t\t\t\t\t\t\t\t\t\t<\/div>\n\t\t\t\t\t\t\t\t<div class=\"elementor-field-type-text elementor-field-group elementor-column elementor-field-group-field_920941b elementor-col-50\">\n\t\t\t\t\t\t\t\t\t\t\t\t<label for=\"form-field-field_920941b\" class=\"elementor-field-label\">\n\t\t\t\t\t\t\t\tFirst Name :\t\t\t\t\t\t\t<\/label>\n\t\t\t\t\t\t\t\t\t\t\t\t\t\t<input size=\"1\" type=\"text\" name=\"form_fields[field_920941b]\" id=\"form-field-field_920941b\" class=\"elementor-field elementor-size-md  elementor-field-textual\" placeholder=\"First Name\">\n\t\t\t\t\t\t\t\t\t\t\t<\/div>\n\t\t\t\t\t\t\t\t<div class=\"elementor-field-type-email elementor-field-group elementor-column elementor-field-group-email elementor-col-100 elementor-field-required\">\n\t\t\t\t\t\t\t\t\t\t\t\t<label for=\"form-field-email\" class=\"elementor-field-label\">\n\t\t\t\t\t\t\t\tEmail :\t\t\t\t\t\t\t<\/label>\n\t\t\t\t\t\t\t\t\t\t\t\t\t\t<input size=\"1\" type=\"email\" name=\"form_fields[email]\" id=\"form-field-email\" class=\"elementor-field elementor-size-md  elementor-field-textual\" placeholder=\"EMAIL \" required=\"required\" aria-required=\"true\">\n\t\t\t\t\t\t\t\t\t\t\t<\/div>\n\t\t\t\t\t\t\t\t<div class=\"elementor-field-type-select elementor-field-group elementor-column elementor-field-group-field_a30c3be elementor-col-100 elementor-field-required\">\n\t\t\t\t\t\t\t\t\t\t\t\t<label for=\"form-field-field_a30c3be\" class=\"elementor-field-label\">\n\t\t\t\t\t\t\t\tObjets :\t\t\t\t\t\t\t<\/label>\n\t\t\t\t\t\t\t\t<div class=\"elementor-field elementor-select-wrapper remove-before \">\n\t\t\t<div class=\"select-caret-down-wrapper\">\n\t\t\t\t<svg aria-hidden=\"true\" class=\"e-font-icon-svg e-eicon-caret-down\" viewBox=\"0 0 571.4 571.4\" xmlns=\"http:\/\/www.w3.org\/2000\/svg\"><path d=\"M571 393Q571 407 561 418L311 668Q300 679 286 679T261 668L11 418Q0 407 0 393T11 368 36 357H536Q550 357 561 368T571 393Z\"><\/path><\/svg>\t\t\t<\/div>\n\t\t\t<select name=\"form_fields[field_a30c3be]\" id=\"form-field-field_a30c3be\" class=\"elementor-field-textual elementor-size-md\" required=\"required\" aria-required=\"true\">\n\t\t\t\t\t\t\t\t\t<option value=\"S\u00e9lectionner votre \">S\u00e9lectionner votre <\/option>\n\t\t\t\t\t\t\t\t\t<option value=\"Quote request\u200b\">Quote request\u200b<\/option>\n\t\t\t\t\t\t\t\t\t<option value=\"\"><\/option>\n\t\t\t\t\t\t\t<\/select>\n\t\t<\/div>\n\t\t\t\t\t\t<\/div>\n\t\t\t\t\t\t\t\t<div class=\"elementor-field-type-textarea elementor-field-group elementor-column elementor-field-group-message elementor-col-100\">\n\t\t\t\t\t\t\t\t\t\t\t\t<label for=\"form-field-message\" class=\"elementor-field-label\">\n\t\t\t\t\t\t\t\tMessage\t\t\t\t\t\t\t<\/label>\n\t\t\t\t\t\t<textarea class=\"elementor-field-textual elementor-field  elementor-size-md\" name=\"form_fields[message]\" id=\"form-field-message\" rows=\"4\" placeholder=\"Message\"><\/textarea>\t\t\t\t<\/div>\n\t\t\t\t\t\t\t\t<div class=\"elementor-field-group elementor-column elementor-field-type-submit elementor-col-100 e-form__buttons\">\n\t\t\t\t\t<button type=\"submit\" class=\"elementor-button elementor-size-md\">\n\t\t\t\t\t\t<span >\n\t\t\t\t\t\t\t\t\t\t\t\t\t\t\t<span class=\" elementor-button-icon\">\n\t\t\t\t\t\t\t\t\t\t\t\t\t\t\t\t\t\t\t\t\t\t\t\t\t\t<\/span>\n\t\t\t\t\t\t\t\t\t\t\t\t\t\t\t\t\t\t\t\t\t\t<span class=\"elementor-button-text\">Send<\/span>\n\t\t\t\t\t\t\t\t\t\t\t\t\t<\/span>\n\t\t\t\t\t<\/button>\n\t\t\t\t<\/div>\n\t\t\t<\/div>\n\t\t<\/form>\n\t\t\t\t<\/div>\n\t\t\t\t<\/div>\n\t\t\t\t\t<\/div>\n\t\t\t\t<\/div>\n\t\t\t\t<\/div>\n\t\t","protected":false},"excerpt":{"rendered":"<p>Quote request\u200b Lorem ipsum dolor sit amet, consectetur adipiscing elit. Ut elit tellus, luctus nec ullamcorper mattis, pulvinar dapibus leo.<\/p>\n","protected":false},"author":1,"featured_media":0,"parent":0,"menu_order":0,"comment_status":"closed","ping_status":"closed","template":"","meta":{"_acf_changed":false,"ngg_post_thumbnail":0,"_kad_post_transparent":"","_kad_post_title":"hide","_kad_post_layout":"fullwidth","_kad_post_sidebar_id":"","_kad_post_content_style":"unboxed","_kad_post_vertical_padding":"hide","_kad_post_feature":"hide","_kad_post_feature_position":"","_kad_post_header":false,"_kad_post_footer":false,"footnotes":""},"acf":[],"yoast_head":"<!-- This site is optimized with the Yoast SEO plugin v24.0 - https:\/\/yoast.com\/wordpress\/plugins\/seo\/ -->\n<title>Demande_de_devis_eng - Uniplast<\/title>\n<meta name=\"robots\" content=\"index, follow, max-snippet:-1, max-image-preview:large, max-video-preview:-1\" \/>\n<link rel=\"canonical\" href=\"https:\/\/uniplast.mg\/index.php\/en\/demande_de_devis_eng\/\" \/>\n<meta property=\"og:locale\" content=\"fr_FR\" \/>\n<meta property=\"og:type\" content=\"article\" \/>\n<meta property=\"og:title\" content=\"Demande_de_devis_eng - Uniplast\" \/>\n<meta property=\"og:description\" content=\"Quote request\u200b Lorem ipsum dolor sit amet, consectetur adipiscing elit. Ut elit tellus, luctus nec ullamcorper mattis, pulvinar dapibus leo.\" \/>\n<meta property=\"og:url\" content=\"https:\/\/uniplast.mg\/index.php\/en\/demande_de_devis_eng\/\" \/>\n<meta property=\"og:site_name\" content=\"Uniplast\" \/>\n<meta property=\"article:modified_time\" content=\"2024-03-10T15:47:01+00:00\" \/>\n<meta name=\"twitter:card\" content=\"summary_large_image\" \/>\n<script type=\"application\/ld+json\" class=\"yoast-schema-graph\">{\"@context\":\"https:\/\/schema.org\",\"@graph\":[{\"@type\":\"WebPage\",\"@id\":\"https:\/\/uniplast.mg\/index.php\/en\/demande_de_devis_eng\/\",\"url\":\"https:\/\/uniplast.mg\/index.php\/en\/demande_de_devis_eng\/\",\"name\":\"Demande_de_devis_eng - Uniplast\",\"isPartOf\":{\"@id\":\"https:\/\/uniplast.mg\/#website\"},\"datePublished\":\"2024-03-10T15:44:24+00:00\",\"dateModified\":\"2024-03-10T15:47:01+00:00\",\"breadcrumb\":{\"@id\":\"https:\/\/uniplast.mg\/index.php\/en\/demande_de_devis_eng\/#breadcrumb\"},\"inLanguage\":\"fr-FR\",\"potentialAction\":[{\"@type\":\"ReadAction\",\"target\":[\"https:\/\/uniplast.mg\/index.php\/en\/demande_de_devis_eng\/\"]}]},{\"@type\":\"BreadcrumbList\",\"@id\":\"https:\/\/uniplast.mg\/index.php\/en\/demande_de_devis_eng\/#breadcrumb\",\"itemListElement\":[{\"@type\":\"ListItem\",\"position\":1,\"name\":\"A propos de nous\",\"item\":\"https:\/\/uniplast.mg\/\"},{\"@type\":\"ListItem\",\"position\":2,\"name\":\"Demande_de_devis_eng\"}]},{\"@type\":\"WebSite\",\"@id\":\"https:\/\/uniplast.mg\/#website\",\"url\":\"https:\/\/uniplast.mg\/\",\"name\":\"Uniplast\",\"description\":\"La r\u00e9f\u00e9rence incontest\u00e9e des sacs et emballages en plastique !\",\"publisher\":{\"@id\":\"https:\/\/uniplast.mg\/#organization\"},\"potentialAction\":[{\"@type\":\"SearchAction\",\"target\":{\"@type\":\"EntryPoint\",\"urlTemplate\":\"https:\/\/uniplast.mg\/?s={search_term_string}\"},\"query-input\":{\"@type\":\"PropertyValueSpecification\",\"valueRequired\":true,\"valueName\":\"search_term_string\"}}],\"inLanguage\":\"fr-FR\"},{\"@type\":\"Organization\",\"@id\":\"https:\/\/uniplast.mg\/#organization\",\"name\":\"Uniplast\",\"url\":\"https:\/\/uniplast.mg\/\",\"logo\":{\"@type\":\"ImageObject\",\"inLanguage\":\"fr-FR\",\"@id\":\"https:\/\/uniplast.mg\/#\/schema\/logo\/image\/\",\"url\":\"https:\/\/uniplast.mg\/wp-content\/uploads\/2024\/02\/cropped-uniplast-logo-01-1.png\",\"contentUrl\":\"https:\/\/uniplast.mg\/wp-content\/uploads\/2024\/02\/cropped-uniplast-logo-01-1.png\",\"width\":3172,\"height\":701,\"caption\":\"Uniplast\"},\"image\":{\"@id\":\"https:\/\/uniplast.mg\/#\/schema\/logo\/image\/\"}}]}<\/script>\n<!-- \/ Yoast SEO plugin. -->","yoast_head_json":{"title":"Demande_de_devis_eng - Uniplast","robots":{"index":"index","follow":"follow","max-snippet":"max-snippet:-1","max-image-preview":"max-image-preview:large","max-video-preview":"max-video-preview:-1"},"canonical":"https:\/\/uniplast.mg\/index.php\/en\/demande_de_devis_eng\/","og_locale":"fr_FR","og_type":"article","og_title":"Demande_de_devis_eng - Uniplast","og_description":"Quote request\u200b Lorem ipsum dolor sit amet, consectetur adipiscing elit. Ut elit tellus, luctus nec ullamcorper mattis, pulvinar dapibus leo.","og_url":"https:\/\/uniplast.mg\/index.php\/en\/demande_de_devis_eng\/","og_site_name":"Uniplast","article_modified_time":"2024-03-10T15:47:01+00:00","twitter_card":"summary_large_image","schema":{"@context":"https:\/\/schema.org","@graph":[{"@type":"WebPage","@id":"https:\/\/uniplast.mg\/index.php\/en\/demande_de_devis_eng\/","url":"https:\/\/uniplast.mg\/index.php\/en\/demande_de_devis_eng\/","name":"Demande_de_devis_eng - Uniplast","isPartOf":{"@id":"https:\/\/uniplast.mg\/#website"},"datePublished":"2024-03-10T15:44:24+00:00","dateModified":"2024-03-10T15:47:01+00:00","breadcrumb":{"@id":"https:\/\/uniplast.mg\/index.php\/en\/demande_de_devis_eng\/#breadcrumb"},"inLanguage":"fr-FR","potentialAction":[{"@type":"ReadAction","target":["https:\/\/uniplast.mg\/index.php\/en\/demande_de_devis_eng\/"]}]},{"@type":"BreadcrumbList","@id":"https:\/\/uniplast.mg\/index.php\/en\/demande_de_devis_eng\/#breadcrumb","itemListElement":[{"@type":"ListItem","position":1,"name":"A propos de nous","item":"https:\/\/uniplast.mg\/"},{"@type":"ListItem","position":2,"name":"Demande_de_devis_eng"}]},{"@type":"WebSite","@id":"https:\/\/uniplast.mg\/#website","url":"https:\/\/uniplast.mg\/","name":"Uniplast","description":"La r\u00e9f\u00e9rence incontest\u00e9e des sacs et emballages en plastique !","publisher":{"@id":"https:\/\/uniplast.mg\/#organization"},"potentialAction":[{"@type":"SearchAction","target":{"@type":"EntryPoint","urlTemplate":"https:\/\/uniplast.mg\/?s={search_term_string}"},"query-input":{"@type":"PropertyValueSpecification","valueRequired":true,"valueName":"search_term_string"}}],"inLanguage":"fr-FR"},{"@type":"Organization","@id":"https:\/\/uniplast.mg\/#organization","name":"Uniplast","url":"https:\/\/uniplast.mg\/","logo":{"@type":"ImageObject","inLanguage":"fr-FR","@id":"https:\/\/uniplast.mg\/#\/schema\/logo\/image\/","url":"https:\/\/uniplast.mg\/wp-content\/uploads\/2024\/02\/cropped-uniplast-logo-01-1.png","contentUrl":"https:\/\/uniplast.mg\/wp-content\/uploads\/2024\/02\/cropped-uniplast-logo-01-1.png","width":3172,"height":701,"caption":"Uniplast"},"image":{"@id":"https:\/\/uniplast.mg\/#\/schema\/logo\/image\/"}}]}},"_links":{"self":[{"href":"https:\/\/uniplast.mg\/index.php\/wp-json\/wp\/v2\/pages\/3787"}],"collection":[{"href":"https:\/\/uniplast.mg\/index.php\/wp-json\/wp\/v2\/pages"}],"about":[{"href":"https:\/\/uniplast.mg\/index.php\/wp-json\/wp\/v2\/types\/page"}],"author":[{"embeddable":true,"href":"https:\/\/uniplast.mg\/index.php\/wp-json\/wp\/v2\/users\/1"}],"replies":[{"embeddable":true,"href":"https:\/\/uniplast.mg\/index.php\/wp-json\/wp\/v2\/comments?post=3787"}],"version-history":[{"count":4,"href":"https:\/\/uniplast.mg\/index.php\/wp-json\/wp\/v2\/pages\/3787\/revisions"}],"predecessor-version":[{"id":3792,"href":"https:\/\/uniplast.mg\/index.php\/wp-json\/wp\/v2\/pages\/3787\/revisions\/3792"}],"wp:attachment":[{"href":"https:\/\/uniplast.mg\/index.php\/wp-json\/wp\/v2\/media?parent=3787"}],"curies":[{"name":"wp","href":"https:\/\/api.w.org\/{rel}","templated":true}]}}