{"id":6381,"date":"2024-04-25T12:21:20","date_gmt":"2024-04-25T12:21:20","guid":{"rendered":"https:\/\/uniplast.mg\/?page_id=6381"},"modified":"2024-04-30T07:15:32","modified_gmt":"2024-04-30T07:15:32","slug":"lg","status":"publish","type":"page","link":"https:\/\/uniplast.mg\/index.php\/lg\/","title":{"rendered":"demande_de_devis_commerce_distribution"},"content":{"rendered":"\t\t<div data-elementor-type=\"wp-page\" data-elementor-id=\"6381\" class=\"elementor elementor-6381\" data-elementor-post-type=\"page\">\n\t\t\t\t<div class=\"has_eae_slider elementor-element elementor-element-871a42b e-flex e-con-boxed e-con e-parent\" data-id=\"871a42b\" data-element_type=\"container\">\n\t\t\t\t\t<div class=\"e-con-inner\">\n\t\t\t\t<div class=\"elementor-element elementor-element-8823e46 elementor-widget elementor-widget-heading\" data-id=\"8823e46\" data-element_type=\"widget\" data-widget_type=\"heading.default\">\n\t\t\t\t<div class=\"elementor-widget-container\">\n\t\t\t<h2 class=\"elementor-heading-title elementor-size-default\">Nos s\u00e9lections de sacs et produits pour r\u00e9pondre aux besoins uniques du secteur de\u00a0l'agriculture.<\/h2>\t\t<\/div>\n\t\t\t\t<\/div>\n\t\t\t\t\t<\/div>\n\t\t\t\t<\/div>\n\t\t<div class=\"has_eae_slider elementor-element elementor-element-3a0f0f4 e-flex e-con-boxed e-con e-parent\" data-id=\"3a0f0f4\" data-element_type=\"container\">\n\t\t\t\t\t<div class=\"e-con-inner\">\n\t\t<div class=\"has_eae_slider elementor-element elementor-element-b9e165c e-flex e-con-boxed e-con e-child\" data-id=\"b9e165c\" data-element_type=\"container\">\n\t\t\t\t\t<div class=\"e-con-inner\">\n\t\t\t\t<div class=\"elementor-element elementor-element-754d8ce elementor-position-top elementor-widget elementor-widget-image-box\" data-id=\"754d8ce\" data-element_type=\"widget\" data-widget_type=\"image-box.default\">\n\t\t\t\t<div class=\"elementor-widget-container\">\n\t\t\t<div class=\"elementor-image-box-wrapper\"><figure class=\"elementor-image-box-img\"><img fetchpriority=\"high\" decoding=\"async\" width=\"1280\" height=\"853\" src=\"https:\/\/uniplast.mg\/wp-content\/uploads\/2024\/04\/Photo-site-web-sac-raye-15-04-24-1.jpg\" class=\"attachment-full size-full wp-image-6395\" alt=\"\" srcset=\"https:\/\/uniplast.mg\/wp-content\/uploads\/2024\/04\/Photo-site-web-sac-raye-15-04-24-1.jpg 1280w, https:\/\/uniplast.mg\/wp-content\/uploads\/2024\/04\/Photo-site-web-sac-raye-15-04-24-1-300x200.jpg 300w, https:\/\/uniplast.mg\/wp-content\/uploads\/2024\/04\/Photo-site-web-sac-raye-15-04-24-1-1024x682.jpg 1024w, https:\/\/uniplast.mg\/wp-content\/uploads\/2024\/04\/Photo-site-web-sac-raye-15-04-24-1-768x512.jpg 768w, https:\/\/uniplast.mg\/wp-content\/uploads\/2024\/04\/Photo-site-web-sac-raye-15-04-24-1-495x330.jpg 495w, https:\/\/uniplast.mg\/wp-content\/uploads\/2024\/04\/Photo-site-web-sac-raye-15-04-24-1-270x180.jpg 270w, https:\/\/uniplast.mg\/wp-content\/uploads\/2024\/04\/Photo-site-web-sac-raye-15-04-24-1-200x133.jpg 200w\" sizes=\"(max-width: 1280px) 100vw, 1280px\" \/><\/figure><div class=\"elementor-image-box-content\"><h3 class=\"elementor-image-box-title\">Sac Cabas<\/h3><\/div><\/div>\t\t<\/div>\n\t\t\t\t<\/div>\n\t\t\t\t\t<\/div>\n\t\t\t\t<\/div>\n\t\t<div class=\"has_eae_slider elementor-element elementor-element-fdcfe55 e-flex e-con-boxed e-con e-child\" data-id=\"fdcfe55\" data-element_type=\"container\">\n\t\t\t\t\t<div class=\"e-con-inner\">\n\t\t\t\t<div class=\"elementor-element elementor-element-e6c591e elementor-position-top elementor-widget elementor-widget-image-box\" data-id=\"e6c591e\" data-element_type=\"widget\" data-widget_type=\"image-box.default\">\n\t\t\t\t<div class=\"elementor-widget-container\">\n\t\t\t<div class=\"elementor-image-box-wrapper\"><figure class=\"elementor-image-box-img\"><img decoding=\"async\" width=\"1280\" height=\"853\" src=\"https:\/\/uniplast.mg\/wp-content\/uploads\/2024\/04\/photo-site-web-sachet-1.jpg\" class=\"attachment-full size-full wp-image-6396\" alt=\"\" srcset=\"https:\/\/uniplast.mg\/wp-content\/uploads\/2024\/04\/photo-site-web-sachet-1.jpg 1280w, https:\/\/uniplast.mg\/wp-content\/uploads\/2024\/04\/photo-site-web-sachet-1-300x200.jpg 300w, https:\/\/uniplast.mg\/wp-content\/uploads\/2024\/04\/photo-site-web-sachet-1-1024x682.jpg 1024w, https:\/\/uniplast.mg\/wp-content\/uploads\/2024\/04\/photo-site-web-sachet-1-768x512.jpg 768w, https:\/\/uniplast.mg\/wp-content\/uploads\/2024\/04\/photo-site-web-sachet-1-495x330.jpg 495w, https:\/\/uniplast.mg\/wp-content\/uploads\/2024\/04\/photo-site-web-sachet-1-270x180.jpg 270w, https:\/\/uniplast.mg\/wp-content\/uploads\/2024\/04\/photo-site-web-sachet-1-200x133.jpg 200w\" sizes=\"(max-width: 1280px) 100vw, 1280px\" \/><\/figure><div class=\"elementor-image-box-content\"><h3 class=\"elementor-image-box-title\">Embalage de conditionnement<\/h3><\/div><\/div>\t\t<\/div>\n\t\t\t\t<\/div>\n\t\t\t\t\t<\/div>\n\t\t\t\t<\/div>\n\t\t\t\t\t<\/div>\n\t\t\t\t<\/div>\n\t\t<div class=\"has_eae_slider elementor-element elementor-element-8616635 e-flex e-con-boxed e-con e-parent\" data-id=\"8616635\" data-element_type=\"container\">\n\t\t\t\t\t<div class=\"e-con-inner\">\n\t\t\t\t<div class=\"elementor-element elementor-element-0fe8c6a elementor-widget elementor-widget-heading\" data-id=\"0fe8c6a\" data-element_type=\"widget\" data-widget_type=\"heading.default\">\n\t\t\t\t<div class=\"elementor-widget-container\">\n\t\t\t<h2 class=\"elementor-heading-title elementor-size-default\">Demande de devis<\/h2>\t\t<\/div>\n\t\t\t\t<\/div>\n\t\t\t\t<div class=\"elementor-element elementor-element-8c6eefe elementor-widget elementor-widget-text-editor\" data-id=\"8c6eefe\" data-element_type=\"widget\" data-widget_type=\"text-editor.default\">\n\t\t\t\t<div class=\"elementor-widget-container\">\n\t\t\t\t\t\t\t<p><span style=\"color: #333333;\">Besoin d&#8217;un devis sur mesure ? Remplissez et envoyez-nous un message via le formulaire ci-dessous pour obtenir votre devis\u00a0personnalis\u00e9.<\/span><\/p>\t\t\t\t\t\t<\/div>\n\t\t\t\t<\/div>\n\t\t\t\t\t<\/div>\n\t\t\t\t<\/div>\n\t\t<div class=\"has_eae_slider elementor-element elementor-element-200f795 e-flex e-con-boxed e-con e-parent\" data-id=\"200f795\" data-element_type=\"container\">\n\t\t\t\t\t<div class=\"e-con-inner\">\n\t\t\t\t<div class=\"elementor-element elementor-element-0d12565 elementor-widget elementor-widget-wpforms\" data-id=\"0d12565\" data-element_type=\"widget\" data-widget_type=\"wpforms.default\">\n\t\t\t\t<div class=\"elementor-widget-container\">\n\t\t\t<style id=\"wpforms-css-vars-root\">\n\t\t\t\t:root {\n\t\t\t\t\t--wpforms-field-border-radius: 3px;\n--wpforms-field-border-style: solid;\n--wpforms-field-border-size: 1px;\n--wpforms-field-background-color: #ffffff;\n--wpforms-field-border-color: rgba( 0, 0, 0, 0.25 );\n--wpforms-field-border-color-spare: rgba( 0, 0, 0, 0.25 );\n--wpforms-field-text-color: rgba( 0, 0, 0, 0.7 );\n--wpforms-field-menu-color: #ffffff;\n--wpforms-label-color: rgba( 0, 0, 0, 0.85 );\n--wpforms-label-sublabel-color: rgba( 0, 0, 0, 0.55 );\n--wpforms-label-error-color: #d63637;\n--wpforms-button-border-radius: 3px;\n--wpforms-button-border-style: none;\n--wpforms-button-border-size: 1px;\n--wpforms-button-background-color: #066aab;\n--wpforms-button-border-color: #066aab;\n--wpforms-button-text-color: #ffffff;\n--wpforms-page-break-color: #066aab;\n--wpforms-background-image: none;\n--wpforms-background-position: center center;\n--wpforms-background-repeat: no-repeat;\n--wpforms-background-size: cover;\n--wpforms-background-width: 100px;\n--wpforms-background-height: 100px;\n--wpforms-background-color: rgba( 0, 0, 0, 0 );\n--wpforms-background-url: none;\n--wpforms-container-padding: 0px;\n--wpforms-container-border-style: none;\n--wpforms-container-border-width: 1px;\n--wpforms-container-border-color: #000000;\n--wpforms-container-border-radius: 3px;\n--wpforms-field-size-input-height: 43px;\n--wpforms-field-size-input-spacing: 15px;\n--wpforms-field-size-font-size: 16px;\n--wpforms-field-size-line-height: 19px;\n--wpforms-field-size-padding-h: 14px;\n--wpforms-field-size-checkbox-size: 16px;\n--wpforms-field-size-sublabel-spacing: 5px;\n--wpforms-field-size-icon-size: 1;\n--wpforms-label-size-font-size: 16px;\n--wpforms-label-size-line-height: 19px;\n--wpforms-label-size-sublabel-font-size: 14px;\n--wpforms-label-size-sublabel-line-height: 17px;\n--wpforms-button-size-font-size: 17px;\n--wpforms-button-size-height: 41px;\n--wpforms-button-size-padding-h: 15px;\n--wpforms-button-size-margin-top: 10px;\n--wpforms-container-shadow-size-box-shadow: none;\n\n\t\t\t\t}\n\t\t\t<\/style><style id=\"wpforms-css-vars-elementor-widget-0d12565\">\n\t\t\t\t.elementor-widget-wpforms.elementor-element-0d12565 {\n\t\t\t\t\t--wpforms-field-size-input-height: 43px;\n--wpforms-field-size-input-spacing: 15px;\n--wpforms-field-size-font-size: 16px;\n--wpforms-field-size-line-height: 19px;\n--wpforms-field-size-padding-h: 14px;\n--wpforms-field-size-checkbox-size: 16px;\n--wpforms-field-size-sublabel-spacing: 5px;\n--wpforms-field-size-icon-size: 1;\n--wpforms-label-size-font-size: 16px;\n--wpforms-label-size-line-height: 19px;\n--wpforms-label-size-sublabel-font-size: 14px;\n--wpforms-label-size-sublabel-line-height: 17px;\n--wpforms-button-size-font-size: 17px;\n--wpforms-button-size-height: 41px;\n--wpforms-button-size-padding-h: 15px;\n--wpforms-button-size-margin-top: 10px;\n\n\t\t\t\t}\n\t\t\t<\/style>\t\t<\/div>\n\t\t\t\t<\/div>\n\t\t\t\t\t<\/div>\n\t\t\t\t<\/div>\n\t\t<div class=\"has_eae_slider elementor-element elementor-element-e52663d e-flex e-con-boxed e-con e-parent\" data-id=\"e52663d\" data-element_type=\"container\">\n\t\t\t\t\t<div class=\"e-con-inner\">\n\t\t\t\t<div class=\"elementor-element elementor-element-357d74e4 elementor-button-align-stretch elementor-widget elementor-widget-form\" data-id=\"357d74e4\" data-element_type=\"widget\" data-settings=\"{&quot;step_next_label&quot;:&quot;Next&quot;,&quot;step_previous_label&quot;:&quot;Previous&quot;,&quot;button_width&quot;:&quot;100&quot;,&quot;step_type&quot;:&quot;number_text&quot;,&quot;step_icon_shape&quot;:&quot;circle&quot;}\" data-widget_type=\"form.default\">\n\t\t\t\t<div class=\"elementor-widget-container\">\n\t\t\t\t\t<form class=\"elementor-form\" method=\"post\" name=\"New Form\">\n\t\t\t<input type=\"hidden\" name=\"post_id\" value=\"6381\"\/>\n\t\t\t<input type=\"hidden\" name=\"form_id\" value=\"357d74e4\"\/>\n\t\t\t<input type=\"hidden\" name=\"referer_title\" value=\"Uniplast\" \/>\n\n\t\t\t\n\t\t\t<div class=\"elementor-form-fields-wrapper elementor-labels-above\">\n\t\t\t\t\t\t\t\t<div class=\"elementor-field-type-text elementor-field-group elementor-column elementor-field-group-name elementor-col-50\">\n\t\t\t\t\t\t\t\t\t\t\t\t<label for=\"form-field-name\" class=\"elementor-field-label\">\n\t\t\t\t\t\t\t\tNom :\t\t\t\t\t\t\t<\/label>\n\t\t\t\t\t\t\t\t\t\t\t\t\t\t<input size=\"1\" type=\"text\" name=\"form_fields[name]\" id=\"form-field-name\" class=\"elementor-field elementor-size-md  elementor-field-textual\" placeholder=\"NOM\">\n\t\t\t\t\t\t\t\t\t\t\t<\/div>\n\t\t\t\t\t\t\t\t<div class=\"elementor-field-type-text elementor-field-group elementor-column elementor-field-group-field_920941b elementor-col-50\">\n\t\t\t\t\t\t\t\t\t\t\t\t<label for=\"form-field-field_920941b\" class=\"elementor-field-label\">\n\t\t\t\t\t\t\t\tPrenom :\t\t\t\t\t\t\t<\/label>\n\t\t\t\t\t\t\t\t\t\t\t\t\t\t<input size=\"1\" type=\"text\" name=\"form_fields[field_920941b]\" id=\"form-field-field_920941b\" class=\"elementor-field elementor-size-md  elementor-field-textual\" placeholder=\"PRENOM\">\n\t\t\t\t\t\t\t\t\t\t\t<\/div>\n\t\t\t\t\t\t\t\t<div class=\"elementor-field-type-email elementor-field-group elementor-column elementor-field-group-email elementor-col-100 elementor-field-required\">\n\t\t\t\t\t\t\t\t\t\t\t\t<label for=\"form-field-email\" class=\"elementor-field-label\">\n\t\t\t\t\t\t\t\tEmail :\t\t\t\t\t\t\t<\/label>\n\t\t\t\t\t\t\t\t\t\t\t\t\t\t<input size=\"1\" type=\"email\" name=\"form_fields[email]\" id=\"form-field-email\" class=\"elementor-field elementor-size-md  elementor-field-textual\" placeholder=\"EMAIL \" required=\"required\" aria-required=\"true\">\n\t\t\t\t\t\t\t\t\t\t\t<\/div>\n\t\t\t\t\t\t\t\t<div class=\"elementor-field-type-select elementor-field-group elementor-column elementor-field-group-field_a30c3be elementor-col-100 elementor-field-required\">\n\t\t\t\t\t\t\t\t\t\t\t\t<label for=\"form-field-field_a30c3be\" class=\"elementor-field-label\">\n\t\t\t\t\t\t\t\tObjets :\t\t\t\t\t\t\t<\/label>\n\t\t\t\t\t\t\t\t<div class=\"elementor-field elementor-select-wrapper remove-before \">\n\t\t\t<div class=\"select-caret-down-wrapper\">\n\t\t\t\t<svg aria-hidden=\"true\" class=\"e-font-icon-svg e-eicon-caret-down\" viewBox=\"0 0 571.4 571.4\" xmlns=\"http:\/\/www.w3.org\/2000\/svg\"><path d=\"M571 393Q571 407 561 418L311 668Q300 679 286 679T261 668L11 418Q0 407 0 393T11 368 36 357H536Q550 357 561 368T571 393Z\"><\/path><\/svg>\t\t\t<\/div>\n\t\t\t<select name=\"form_fields[field_a30c3be]\" id=\"form-field-field_a30c3be\" class=\"elementor-field-textual elementor-size-md\" required=\"required\" aria-required=\"true\">\n\t\t\t\t\t\t\t\t\t<option value=\"S\u00e9lectionner votre \">S\u00e9lectionner votre <\/option>\n\t\t\t\t\t\t\t\t\t<option value=\"Demande de devis\">Demande de devis<\/option>\n\t\t\t\t\t\t\t\t\t<option value=\"\"><\/option>\n\t\t\t\t\t\t\t<\/select>\n\t\t<\/div>\n\t\t\t\t\t\t<\/div>\n\t\t\t\t\t\t\t\t<div class=\"elementor-field-type-textarea elementor-field-group elementor-column elementor-field-group-message elementor-col-100\">\n\t\t\t\t\t\t\t\t\t\t\t\t<label for=\"form-field-message\" class=\"elementor-field-label\">\n\t\t\t\t\t\t\t\tMessage\t\t\t\t\t\t\t<\/label>\n\t\t\t\t\t\t<textarea class=\"elementor-field-textual elementor-field  elementor-size-md\" name=\"form_fields[message]\" id=\"form-field-message\" rows=\"4\" placeholder=\"Message\"><\/textarea>\t\t\t\t<\/div>\n\t\t\t\t\t\t\t\t<div class=\"elementor-field-group elementor-column elementor-field-type-submit elementor-col-100 e-form__buttons\">\n\t\t\t\t\t<button type=\"submit\" class=\"elementor-button elementor-size-md\">\n\t\t\t\t\t\t<span >\n\t\t\t\t\t\t\t\t\t\t\t\t\t\t\t<span class=\" elementor-button-icon\">\n\t\t\t\t\t\t\t\t\t\t\t\t\t\t\t\t\t\t\t\t\t\t\t\t\t\t<\/span>\n\t\t\t\t\t\t\t\t\t\t\t\t\t\t\t\t\t\t\t\t\t\t<span class=\"elementor-button-text\">Envoyer<\/span>\n\t\t\t\t\t\t\t\t\t\t\t\t\t<\/span>\n\t\t\t\t\t<\/button>\n\t\t\t\t<\/div>\n\t\t\t<\/div>\n\t\t<\/form>\n\t\t\t\t<\/div>\n\t\t\t\t<\/div>\n\t\t\t\t\t<\/div>\n\t\t\t\t<\/div>\n\t\t\t\t<\/div>\n\t\t","protected":false},"excerpt":{"rendered":"<p>Nos s\u00e9lections de sacs et produits pour r\u00e9pondre aux besoins uniques du secteur de\u00a0l&#8217;agriculture. Sac Cabas Embalage de conditionnement Demande de devis Besoin d&#8217;un devis sur mesure ? Remplissez et envoyez-nous un message via le formulaire ci-dessous pour obtenir votre devis\u00a0personnalis\u00e9. Veuillez activer JavaScript dans votre navigateur pour remplir ce formulaire.Veuillez activer JavaScript dans votre&#8230;<\/p>\n","protected":false},"author":1,"featured_media":0,"parent":0,"menu_order":0,"comment_status":"closed","ping_status":"closed","template":"","meta":{"_acf_changed":false,"ngg_post_thumbnail":0,"_kad_post_transparent":"","_kad_post_title":"hide","_kad_post_layout":"fullwidth","_kad_post_sidebar_id":"","_kad_post_content_style":"unboxed","_kad_post_vertical_padding":"hide","_kad_post_feature":"hide","_kad_post_feature_position":"","_kad_post_header":false,"_kad_post_footer":false,"footnotes":""},"acf":[],"yoast_head":"<!-- This site is optimized with the Yoast SEO plugin v24.0 - https:\/\/yoast.com\/wordpress\/plugins\/seo\/ -->\n<title>demande_de_devis_commerce_distribution - Uniplast<\/title>\n<meta name=\"robots\" content=\"index, follow, max-snippet:-1, max-image-preview:large, max-video-preview:-1\" \/>\n<link rel=\"canonical\" href=\"https:\/\/uniplast.mg\/index.php\/lg\/\" \/>\n<meta property=\"og:locale\" content=\"fr_FR\" \/>\n<meta property=\"og:type\" content=\"article\" \/>\n<meta property=\"og:title\" content=\"demande_de_devis_commerce_distribution - Uniplast\" \/>\n<meta property=\"og:description\" content=\"Nos s\u00e9lections de sacs et produits pour r\u00e9pondre aux besoins uniques du secteur de\u00a0l&#8217;agriculture. Sac Cabas Embalage de conditionnement Demande de devis Besoin d&#8217;un devis sur mesure ? Remplissez et envoyez-nous un message via le formulaire ci-dessous pour obtenir votre devis\u00a0personnalis\u00e9. Veuillez activer JavaScript dans votre navigateur pour remplir ce formulaire.Veuillez activer JavaScript dans votre...\" \/>\n<meta property=\"og:url\" content=\"https:\/\/uniplast.mg\/index.php\/lg\/\" \/>\n<meta property=\"og:site_name\" content=\"Uniplast\" \/>\n<meta property=\"article:modified_time\" content=\"2024-04-30T07:15:32+00:00\" \/>\n<meta property=\"og:image\" content=\"https:\/\/uniplast.mg\/wp-content\/uploads\/2024\/04\/Photo-site-web-sac-raye-15-04-24-1.jpg\" \/>\n<meta name=\"twitter:card\" content=\"summary_large_image\" \/>\n<script type=\"application\/ld+json\" class=\"yoast-schema-graph\">{\"@context\":\"https:\/\/schema.org\",\"@graph\":[{\"@type\":\"WebPage\",\"@id\":\"https:\/\/uniplast.mg\/index.php\/lg\/\",\"url\":\"https:\/\/uniplast.mg\/index.php\/lg\/\",\"name\":\"demande_de_devis_commerce_distribution - Uniplast\",\"isPartOf\":{\"@id\":\"https:\/\/uniplast.mg\/#website\"},\"primaryImageOfPage\":{\"@id\":\"https:\/\/uniplast.mg\/index.php\/lg\/#primaryimage\"},\"image\":{\"@id\":\"https:\/\/uniplast.mg\/index.php\/lg\/#primaryimage\"},\"thumbnailUrl\":\"https:\/\/uniplast.mg\/wp-content\/uploads\/2024\/04\/Photo-site-web-sac-raye-15-04-24-1.jpg\",\"datePublished\":\"2024-04-25T12:21:20+00:00\",\"dateModified\":\"2024-04-30T07:15:32+00:00\",\"breadcrumb\":{\"@id\":\"https:\/\/uniplast.mg\/index.php\/lg\/#breadcrumb\"},\"inLanguage\":\"fr-FR\",\"potentialAction\":[{\"@type\":\"ReadAction\",\"target\":[\"https:\/\/uniplast.mg\/index.php\/lg\/\"]}]},{\"@type\":\"ImageObject\",\"inLanguage\":\"fr-FR\",\"@id\":\"https:\/\/uniplast.mg\/index.php\/lg\/#primaryimage\",\"url\":\"https:\/\/uniplast.mg\/wp-content\/uploads\/2024\/04\/Photo-site-web-sac-raye-15-04-24-1.jpg\",\"contentUrl\":\"https:\/\/uniplast.mg\/wp-content\/uploads\/2024\/04\/Photo-site-web-sac-raye-15-04-24-1.jpg\",\"width\":1280,\"height\":853},{\"@type\":\"BreadcrumbList\",\"@id\":\"https:\/\/uniplast.mg\/index.php\/lg\/#breadcrumb\",\"itemListElement\":[{\"@type\":\"ListItem\",\"position\":1,\"name\":\"A propos de nous\",\"item\":\"https:\/\/uniplast.mg\/\"},{\"@type\":\"ListItem\",\"position\":2,\"name\":\"demande_de_devis_commerce_distribution\"}]},{\"@type\":\"WebSite\",\"@id\":\"https:\/\/uniplast.mg\/#website\",\"url\":\"https:\/\/uniplast.mg\/\",\"name\":\"Uniplast\",\"description\":\"La r\u00e9f\u00e9rence incontest\u00e9e des sacs et emballages en plastique !\",\"publisher\":{\"@id\":\"https:\/\/uniplast.mg\/#organization\"},\"potentialAction\":[{\"@type\":\"SearchAction\",\"target\":{\"@type\":\"EntryPoint\",\"urlTemplate\":\"https:\/\/uniplast.mg\/?s={search_term_string}\"},\"query-input\":{\"@type\":\"PropertyValueSpecification\",\"valueRequired\":true,\"valueName\":\"search_term_string\"}}],\"inLanguage\":\"fr-FR\"},{\"@type\":\"Organization\",\"@id\":\"https:\/\/uniplast.mg\/#organization\",\"name\":\"Uniplast\",\"url\":\"https:\/\/uniplast.mg\/\",\"logo\":{\"@type\":\"ImageObject\",\"inLanguage\":\"fr-FR\",\"@id\":\"https:\/\/uniplast.mg\/#\/schema\/logo\/image\/\",\"url\":\"https:\/\/uniplast.mg\/wp-content\/uploads\/2024\/02\/cropped-uniplast-logo-01-1.png\",\"contentUrl\":\"https:\/\/uniplast.mg\/wp-content\/uploads\/2024\/02\/cropped-uniplast-logo-01-1.png\",\"width\":3172,\"height\":701,\"caption\":\"Uniplast\"},\"image\":{\"@id\":\"https:\/\/uniplast.mg\/#\/schema\/logo\/image\/\"}}]}<\/script>\n<!-- \/ Yoast SEO plugin. -->","yoast_head_json":{"title":"demande_de_devis_commerce_distribution - Uniplast","robots":{"index":"index","follow":"follow","max-snippet":"max-snippet:-1","max-image-preview":"max-image-preview:large","max-video-preview":"max-video-preview:-1"},"canonical":"https:\/\/uniplast.mg\/index.php\/lg\/","og_locale":"fr_FR","og_type":"article","og_title":"demande_de_devis_commerce_distribution - Uniplast","og_description":"Nos s\u00e9lections de sacs et produits pour r\u00e9pondre aux besoins uniques du secteur de\u00a0l&#8217;agriculture. Sac Cabas Embalage de conditionnement Demande de devis Besoin d&#8217;un devis sur mesure ? Remplissez et envoyez-nous un message via le formulaire ci-dessous pour obtenir votre devis\u00a0personnalis\u00e9. Veuillez activer JavaScript dans votre navigateur pour remplir ce formulaire.Veuillez activer JavaScript dans votre...","og_url":"https:\/\/uniplast.mg\/index.php\/lg\/","og_site_name":"Uniplast","article_modified_time":"2024-04-30T07:15:32+00:00","og_image":[{"url":"https:\/\/uniplast.mg\/wp-content\/uploads\/2024\/04\/Photo-site-web-sac-raye-15-04-24-1.jpg","type":"","width":"","height":""}],"twitter_card":"summary_large_image","schema":{"@context":"https:\/\/schema.org","@graph":[{"@type":"WebPage","@id":"https:\/\/uniplast.mg\/index.php\/lg\/","url":"https:\/\/uniplast.mg\/index.php\/lg\/","name":"demande_de_devis_commerce_distribution - Uniplast","isPartOf":{"@id":"https:\/\/uniplast.mg\/#website"},"primaryImageOfPage":{"@id":"https:\/\/uniplast.mg\/index.php\/lg\/#primaryimage"},"image":{"@id":"https:\/\/uniplast.mg\/index.php\/lg\/#primaryimage"},"thumbnailUrl":"https:\/\/uniplast.mg\/wp-content\/uploads\/2024\/04\/Photo-site-web-sac-raye-15-04-24-1.jpg","datePublished":"2024-04-25T12:21:20+00:00","dateModified":"2024-04-30T07:15:32+00:00","breadcrumb":{"@id":"https:\/\/uniplast.mg\/index.php\/lg\/#breadcrumb"},"inLanguage":"fr-FR","potentialAction":[{"@type":"ReadAction","target":["https:\/\/uniplast.mg\/index.php\/lg\/"]}]},{"@type":"ImageObject","inLanguage":"fr-FR","@id":"https:\/\/uniplast.mg\/index.php\/lg\/#primaryimage","url":"https:\/\/uniplast.mg\/wp-content\/uploads\/2024\/04\/Photo-site-web-sac-raye-15-04-24-1.jpg","contentUrl":"https:\/\/uniplast.mg\/wp-content\/uploads\/2024\/04\/Photo-site-web-sac-raye-15-04-24-1.jpg","width":1280,"height":853},{"@type":"BreadcrumbList","@id":"https:\/\/uniplast.mg\/index.php\/lg\/#breadcrumb","itemListElement":[{"@type":"ListItem","position":1,"name":"A propos de nous","item":"https:\/\/uniplast.mg\/"},{"@type":"ListItem","position":2,"name":"demande_de_devis_commerce_distribution"}]},{"@type":"WebSite","@id":"https:\/\/uniplast.mg\/#website","url":"https:\/\/uniplast.mg\/","name":"Uniplast","description":"La r\u00e9f\u00e9rence incontest\u00e9e des sacs et emballages en plastique !","publisher":{"@id":"https:\/\/uniplast.mg\/#organization"},"potentialAction":[{"@type":"SearchAction","target":{"@type":"EntryPoint","urlTemplate":"https:\/\/uniplast.mg\/?s={search_term_string}"},"query-input":{"@type":"PropertyValueSpecification","valueRequired":true,"valueName":"search_term_string"}}],"inLanguage":"fr-FR"},{"@type":"Organization","@id":"https:\/\/uniplast.mg\/#organization","name":"Uniplast","url":"https:\/\/uniplast.mg\/","logo":{"@type":"ImageObject","inLanguage":"fr-FR","@id":"https:\/\/uniplast.mg\/#\/schema\/logo\/image\/","url":"https:\/\/uniplast.mg\/wp-content\/uploads\/2024\/02\/cropped-uniplast-logo-01-1.png","contentUrl":"https:\/\/uniplast.mg\/wp-content\/uploads\/2024\/02\/cropped-uniplast-logo-01-1.png","width":3172,"height":701,"caption":"Uniplast"},"image":{"@id":"https:\/\/uniplast.mg\/#\/schema\/logo\/image\/"}}]}},"_links":{"self":[{"href":"https:\/\/uniplast.mg\/index.php\/wp-json\/wp\/v2\/pages\/6381"}],"collection":[{"href":"https:\/\/uniplast.mg\/index.php\/wp-json\/wp\/v2\/pages"}],"about":[{"href":"https:\/\/uniplast.mg\/index.php\/wp-json\/wp\/v2\/types\/page"}],"author":[{"embeddable":true,"href":"https:\/\/uniplast.mg\/index.php\/wp-json\/wp\/v2\/users\/1"}],"replies":[{"embeddable":true,"href":"https:\/\/uniplast.mg\/index.php\/wp-json\/wp\/v2\/comments?post=6381"}],"version-history":[{"count":11,"href":"https:\/\/uniplast.mg\/index.php\/wp-json\/wp\/v2\/pages\/6381\/revisions"}],"predecessor-version":[{"id":6976,"href":"https:\/\/uniplast.mg\/index.php\/wp-json\/wp\/v2\/pages\/6381\/revisions\/6976"}],"wp:attachment":[{"href":"https:\/\/uniplast.mg\/index.php\/wp-json\/wp\/v2\/media?parent=6381"}],"curies":[{"name":"wp","href":"https:\/\/api.w.org\/{rel}","templated":true}]}}